{"id":3,"date":"2008-10-26T11:20:05","date_gmt":"2008-10-26T10:20:05","guid":{"rendered":"http:\/\/www.leading-edge-dev.de\/?page_id=3"},"modified":"2009-11-28T16:54:39","modified_gmt":"2009-11-28T15:54:39","slug":"impressum","status":"publish","type":"page","link":"https:\/\/www.minddriven.de\/index.php\/impressum","title":{"rendered":"Legal notice"},"content":{"rendered":"<p>English version in preparation&#8230;<\/p>\n<p>Dies ist eine private Homepage. Sie verfolgt keinerlei kommerzielle Absichten.<\/p>\n<p>Wenn ich Links poste, \u00fcberpr\u00fcfe ich vorher den Inhalt der zu verlinkenden Seite. Ich poste Links nur, mit deren Inhalt ich einverstanden bin. Diese Inhalte k\u00f6nnen sich allerdings \u00e4ndern. Auch habe ich nur bedingt Kontrolle \u00fcber in Kommentaren gepostete Links. Deswegen \u00fcbernehme ich keinerlei Haftung f\u00fcr die Inhalte externer Links. Ebensowenig \u00fcbernehme ich Haftung f\u00fcr Inhalte auf meiner Webseite, die nicht von mir stammen (Kommentare).<\/p>\n<p>Sollte sich jemand durch Eintr\u00e4ge in diesem Blog verletzt f\u00fchlen oder mit Darstellungen nicht einverstanden sein, bitte ich um direkte Kontaktaufnahme unter<\/p>\n<p><strong>matthias.jauernig\u00a0\u00c4HT minddriven PUNKT de<\/strong>.<\/p>\n<p>Ich \u00fcbernehme keinerlei Gew\u00e4hr f\u00fcr die Aktualit\u00e4t, Korrektheit, Vollst\u00e4ndigkeit oder Qualit\u00e4t der bereitgestellten Informationen. Haftungsanspr\u00fcche gegen mich, welche sich auf Sch\u00e4den materieller oder ideeller Art beziehen, die durch die Nutzung oder Nichtnutzung der dargebotenen Informationen bzw. durch die Nutzung fehlerhafter und unvollst\u00e4ndiger Informationen verursacht wurden, sind grunds\u00e4tzlich ausgeschlossen.<\/p>\n<p>Alle Angebote sind freibleibend und unverbindlich. Ich behalte es mir ausdr\u00fccklich vor, Teile der Seiten oder das gesamte Angebot ohne gesonderte Ank\u00fcndigung zu ver\u00e4ndern, zu erg\u00e4nzen, zu l\u00f6schen oder die Ver\u00f6ffentlichung zeitweise oder endg\u00fcltig einzustellen. Dies betrifft ebenfalls Kommentare zu meinen Eintr\u00e4gen.<\/p>\n<p>Au\u00dferdem m\u00f6chte ich darauf Hinweisen, dass alle von mir stammenden Inhalte dem Copyright unterliegen. Sie d\u00fcrfen aber nat\u00fcrlich bei Nennung des Namens und der Quelle zitiert werden.<\/p>\n<p>Weiterhin gilt der <a href=\"http:\/\/www.disclaimer.de\/disclaimer.htm\" target=\"_blank\">Haftungsausschluss<\/a>.<\/p>\n","protected":false},"excerpt":{"rendered":"<p>English version in preparation&#8230; Dies ist eine private Homepage. Sie verfolgt keinerlei kommerzielle Absichten. Wenn ich Links poste, \u00fcberpr\u00fcfe ich vorher den Inhalt der zu verlinkenden Seite. Ich poste Links nur, mit deren Inhalt ich einverstanden bin. Diese Inhalte k\u00f6nnen sich allerdings \u00e4ndern. Auch habe ich nur bedingt Kontrolle \u00fcber in Kommentaren gepostete Links. Deswegen &hellip; <a href=\"https:\/\/www.minddriven.de\/index.php\/impressum\" class=\"more-link\"><span class=\"screen-reader-text\">Legal notice<\/span> weiterlesen<\/a><\/p>\n","protected":false},"author":2,"featured_media":0,"parent":0,"menu_order":0,"comment_status":"open","ping_status":"open","template":"","meta":{"footnotes":""},"class_list":["post-3","page","type-page","status-publish","hentry"],"_links":{"self":[{"href":"https:\/\/www.minddriven.de\/index.php\/wp-json\/wp\/v2\/pages\/3","targetHints":{"allow":["GET"]}}],"collection":[{"href":"https:\/\/www.minddriven.de\/index.php\/wp-json\/wp\/v2\/pages"}],"about":[{"href":"https:\/\/www.minddriven.de\/index.php\/wp-json\/wp\/v2\/types\/page"}],"author":[{"embeddable":true,"href":"https:\/\/www.minddriven.de\/index.php\/wp-json\/wp\/v2\/users\/2"}],"replies":[{"embeddable":true,"href":"https:\/\/www.minddriven.de\/index.php\/wp-json\/wp\/v2\/comments?post=3"}],"version-history":[{"count":4,"href":"https:\/\/www.minddriven.de\/index.php\/wp-json\/wp\/v2\/pages\/3\/revisions"}],"predecessor-version":[{"id":601,"href":"https:\/\/www.minddriven.de\/index.php\/wp-json\/wp\/v2\/pages\/3\/revisions\/601"}],"wp:attachment":[{"href":"https:\/\/www.minddriven.de\/index.php\/wp-json\/wp\/v2\/media?parent=3"}],"curies":[{"name":"wp","href":"https:\/\/api.w.org\/{rel}","templated":true}]}}